{"id":52,"date":"2013-08-27T20:47:37","date_gmt":"2013-08-27T18:47:37","guid":{"rendered":"http:\/\/web274.s08.speicheranbieter.de\/?page_id=52"},"modified":"2020-10-28T18:38:55","modified_gmt":"2020-10-28T18:38:55","slug":"onlineberatung","status":"publish","type":"page","link":"http:\/\/rechtsanwaeltin-jakob.de\/?page_id=52","title":{"rendered":"Onlineberatung"},"content":{"rendered":"<h1><span style=\"color: #0c9900;\">Onlineberatung<\/span><\/h1>\n<p style=\"margin-right: 60px;\">Sie haben keine Lust auf einen freien Termin zu warten?<br \/>\nKein Problem!<br \/>\nSchicken Sie mir Ihre unverbindliche Anfrage zu Ihrem Problem und Sie erhalten ein entsprechendes Angebot f\u00fcr die Beratung.<br \/>\nHierzu steht Ihnen das Beratungsformular zur Verf\u00fcgung.<br \/>\nBitte beachten Sie vor dem Ausf\u00fcllen des Formulars meine <a title=\"AGB f\u00fcr Onlineberatung\" href=\"http:\/\/jl-kanzlei.de\/?page_id=115\">Allgemeinen Gesch\u00e4ftsbedingungen\/Hinweise zur Onlineberatung<\/a><\/p>\n","protected":false},"excerpt":{"rendered":"<p>Onlineberatung Sie haben keine Lust auf einen freien Termin zu warten? Kein Problem! Schicken Sie mir Ihre unverbindliche Anfrage zu Ihrem Problem und Sie erhalten ein entsprechendes Angebot f\u00fcr die Beratung. Hierzu steht Ihnen das Beratungsformular zur Verf\u00fcgung. Bitte beachten Sie vor dem Ausf\u00fcllen des Formulars meine Allgemeinen Gesch\u00e4ftsbedingungen\/Hinweise zur Onlineberatung<\/p>\n","protected":false},"author":1,"featured_media":0,"parent":0,"menu_order":0,"comment_status":"open","ping_status":"open","template":"","meta":{"footnotes":""},"class_list":["post-52","page","type-page","status-publish","hentry","nodate","item-wrap"],"_links":{"self":[{"href":"http:\/\/rechtsanwaeltin-jakob.de\/index.php?rest_route=\/wp\/v2\/pages\/52","targetHints":{"allow":["GET"]}}],"collection":[{"href":"http:\/\/rechtsanwaeltin-jakob.de\/index.php?rest_route=\/wp\/v2\/pages"}],"about":[{"href":"http:\/\/rechtsanwaeltin-jakob.de\/index.php?rest_route=\/wp\/v2\/types\/page"}],"author":[{"embeddable":true,"href":"http:\/\/rechtsanwaeltin-jakob.de\/index.php?rest_route=\/wp\/v2\/users\/1"}],"replies":[{"embeddable":true,"href":"http:\/\/rechtsanwaeltin-jakob.de\/index.php?rest_route=%2Fwp%2Fv2%2Fcomments&post=52"}],"version-history":[{"count":3,"href":"http:\/\/rechtsanwaeltin-jakob.de\/index.php?rest_route=\/wp\/v2\/pages\/52\/revisions"}],"predecessor-version":[{"id":504,"href":"http:\/\/rechtsanwaeltin-jakob.de\/index.php?rest_route=\/wp\/v2\/pages\/52\/revisions\/504"}],"wp:attachment":[{"href":"http:\/\/rechtsanwaeltin-jakob.de\/index.php?rest_route=%2Fwp%2Fv2%2Fmedia&parent=52"}],"curies":[{"name":"wp","href":"https:\/\/api.w.org\/{rel}","templated":true}]}}