{"id":29,"date":"2013-08-27T16:40:20","date_gmt":"2013-08-27T14:40:20","guid":{"rendered":"http:\/\/web274.s08.speicheranbieter.de\/?page_id=29"},"modified":"2020-10-28T18:38:09","modified_gmt":"2020-10-28T18:38:09","slug":"kosten","status":"publish","type":"page","link":"http:\/\/rechtsanwaeltin-jakob.de\/?page_id=29","title":{"rendered":"Kosten und Geb\u00fchren"},"content":{"rendered":"<h1><span style=\"color: #0c9900;\">Kosten und Geb\u00fchren<\/span><\/h1>\n<p style=\"margin-right: 80px; text-align: left;\">Guter Rat muss nicht teuer sein \u2013 oft allerdings besteht bei Mandaten Unklarheit dar\u00fcber, welche Kosten mit der Beauftragung eines Rechtsanwaltes auf sie zukommen. \u00dcber zu erwartende Kosten und M\u00f6glichkeiten der Hilfeleistung durch Dritte soll Sie der n\u00e4chste Abschnitt informieren.<\/p>\n<p style=\"margin-right: 80px; text-align: left;\">Die Rechtsanwaltsverg\u00fctung richtet sich grunds\u00e4tzlich nach den Bestimmungen des Rechtsanwaltsverg\u00fctungsgesetzes (RVG). Die Berechnung der Kosten richtet sich im Regelfall nach dem Gegenstandswert der rechtlich zu betreuenden Fragestellung. Anhand von Geb\u00fchrentabellen wird dann die H\u00f6he der Verg\u00fctung berechnet. Daneben gibt es die M\u00f6glichkeit, eine Honorarvereinbarung zu treffen.<\/p>\n<p style=\"margin-right: 80px; text-align: left;\">Zur Verg\u00fctung des Rechtsanwalts kommen im Falle einer gerichtlichen Auseinandersetzung die Gerichtskosten hinzu. Die Festsetzung dieser Geb\u00fchren richtet sich nach dem Gerichtskostengesetz (GKG).<\/p>\n<p style=\"margin-right: 80px; text-align: left;\">Scheuen Sie sich nicht, bei einer ersten unverbindlichen Anfrage auch die Kostenfrage zu stellen. Ich bespreche die Fragestellung der Verg\u00fctung jederzeit ausf\u00fchrlich mit Ihnen, um Ihnen eine hohe Kostentransparenz zu gew\u00e4hrleisten. Daneben er\u00f6rtern wir, ob eine Kosten\u00fcbernahme durch Dritte m\u00f6glich ist.<\/p>\n<p style=\"margin-right: 80px; text-align: left;\">Das ist in verschiedenen F\u00e4llen gegeben:<\/p>\n<div style=\"border: 6px none #dbdbdb; padding: 10px; margin-right: 80px; background-color: #e3e3e3;\"><strong>Beratungshilfe<\/strong><\/div>\n<p style=\"padding-left: 60px; margin-right: 80px;\">Die Beratungshilfe wird dem Rechtssuchenden als staatliche Hilfeleistung gew\u00e4hrt. Der entsprechende Beratungshilfeschein wird vom Amtsgericht ausgestellt. Sie m\u00fcssen lediglich den Beratungshilfeantrag ausf\u00fcllen und die entsprechenden Belege beim Amtsgericht einreichen. Das Amtsgericht erteilt ihnen einen Beratungshilfeschein, den Sie zum ersten Beratungsgespr\u00e4ch in die Kanzlei mitbringen.<\/p>\n<p style=\"padding-left: 60px; margin-right: 80px;\">Durch den Beratungshilfeschein reduziert sich Ihr Kostenanteil f\u00fcr die Erstberatung auf lediglich 15,00\u20ac.<\/p>\n<div style=\"border: 6px none #dbdbdb; padding: 10px; margin-right: 80px; background-color: #e3e3e3;\"><strong>\u00a0Prozesskostenhilfe\/ Verfahrenskostenhilfe<\/strong><\/div>\n<p style=\"padding-left: 60px; margin-right: 80px;\">Die Prozesskostenhilfe in Familienrechtsangelegenheiten Verfahrenskostenhilfe genannt) wird als staatliche Hilfe f\u00fcr das Gerichtsverfahren gew\u00e4hrt. Sie f\u00fcllen den Antrag auf Prozesskostenhilfe aus und bringen diesen zusammen mit den entsprechenden Belegen mit zum Beratungsgespr\u00e4ch.<\/p>\n<p style=\"padding-left: 60px; margin-right: 80px;\">Die Geltendmachung bei Gericht \u00fcbernehme ich f\u00fcr Sie.<\/p>\n<div style=\"border: 6px none #dbdbdb; padding: 10px; margin-right: 80px; background-color: #e3e3e3;\"><strong>Rechtsschutzversicherung<\/strong><\/div>\n<p style=\"padding-left: 60px; margin-right: 80px;\">H\u00e4ufig \u00fcbernimmt eine vorhandene Rechtsschutzversicherung die Kosten der rechtsanwaltlichen T\u00e4tigkeit. Die Anfrage bei Ihrer Rechtsschutzversicherung \u00fcbernehme ich gerne f\u00fcr Sie.<\/p>\n<div style=\"border: 6px none #dbdbdb; padding: 10px; margin-right: 80px; background-color: #e3e3e3;\"><strong>Kosten\u00fcbernahme durch den Prozessgegner<\/strong><\/div>\n<p style=\"padding-left: 60px; margin-right: 80px;\">Bei erfolgreicher F\u00fchrung des Rechtsstreits kommt eine vollst\u00e4ndige bzw. teilweise Erstattung der Rechtsverfolgungskosten durch den Prozessgegner in Betracht.<\/p>\n<p style=\"padding-left: 60px; margin-right: 80px;\">Die entsprechende Geltendmachung \u00fcbernehme ich f\u00fcr Sie.<\/p>\n","protected":false},"excerpt":{"rendered":"<p>Kosten und Geb\u00fchren Guter Rat muss nicht teuer sein \u2013 oft allerdings besteht bei Mandaten Unklarheit dar\u00fcber, welche Kosten mit der Beauftragung eines Rechtsanwaltes auf sie zukommen. \u00dcber zu erwartende Kosten und M\u00f6glichkeiten der Hilfeleistung durch Dritte soll Sie der n\u00e4chste Abschnitt informieren. Die Rechtsanwaltsverg\u00fctung richtet sich grunds\u00e4tzlich nach den Bestimmungen des Rechtsanwaltsverg\u00fctungsgesetzes (RVG). Die &hellip; <\/p>\n<p><a class=\"more-link btn\" href=\"http:\/\/rechtsanwaeltin-jakob.de\/?page_id=29\">Weiterlesen<\/a><\/p>\n","protected":false},"author":1,"featured_media":0,"parent":0,"menu_order":0,"comment_status":"open","ping_status":"open","template":"template-twocolumnsleft.php","meta":{"footnotes":""},"class_list":["post-29","page","type-page","status-publish","hentry","nodate","item-wrap"],"_links":{"self":[{"href":"http:\/\/rechtsanwaeltin-jakob.de\/index.php?rest_route=\/wp\/v2\/pages\/29","targetHints":{"allow":["GET"]}}],"collection":[{"href":"http:\/\/rechtsanwaeltin-jakob.de\/index.php?rest_route=\/wp\/v2\/pages"}],"about":[{"href":"http:\/\/rechtsanwaeltin-jakob.de\/index.php?rest_route=\/wp\/v2\/types\/page"}],"author":[{"embeddable":true,"href":"http:\/\/rechtsanwaeltin-jakob.de\/index.php?rest_route=\/wp\/v2\/users\/1"}],"replies":[{"embeddable":true,"href":"http:\/\/rechtsanwaeltin-jakob.de\/index.php?rest_route=%2Fwp%2Fv2%2Fcomments&post=29"}],"version-history":[{"count":1,"href":"http:\/\/rechtsanwaeltin-jakob.de\/index.php?rest_route=\/wp\/v2\/pages\/29\/revisions"}],"predecessor-version":[{"id":503,"href":"http:\/\/rechtsanwaeltin-jakob.de\/index.php?rest_route=\/wp\/v2\/pages\/29\/revisions\/503"}],"wp:attachment":[{"href":"http:\/\/rechtsanwaeltin-jakob.de\/index.php?rest_route=%2Fwp%2Fv2%2Fmedia&parent=29"}],"curies":[{"name":"wp","href":"https:\/\/api.w.org\/{rel}","templated":true}]}}