{"id":27,"date":"2013-08-27T16:40:02","date_gmt":"2013-08-27T14:40:02","guid":{"rendered":"http:\/\/web274.s08.speicheranbieter.de\/?page_id=27"},"modified":"2025-05-18T09:40:50","modified_gmt":"2025-05-18T09:40:50","slug":"formulare","status":"publish","type":"page","link":"http:\/\/rechtsanwaeltin-jakob.de\/?page_id=27","title":{"rendered":"Formulare"},"content":{"rendered":"<h1><span style=\"color: #0c9900;\">Formulare<\/span><\/h1>\n<p>Auf dieser Seite finden Sie Formulare und Antr\u00e4ge f\u00fcr die Beratungshilfe sowie f\u00fcr Prozesskosten- bzw. Verfahrenskostenhilfe.<\/p>\n<p>Zudem werden Ihnen zur Erleichterung Ausf\u00fcllhinweise zur Verf\u00fcgung gestellt.<\/p>\n<div style=\"border: 6px none #dbdbdb; padding: 10px; margin-right: 80px; background-color: #e3e3e3; text-align: left;\"><strong>Scheidung<\/strong><\/div>\n<p style=\"padding-left: 60px;\"><a title=\"Beratungshilfeantrag \" href=\"http:\/\/rechtsanwaeltin-jakob.de\/wp-content\/uploads\/2025\/05\/Fragebogen_Scheidung.pdf\" target=\"_blank\" rel=\"noopener noreferrer\">Fragebogen<\/a><\/p>\n<div style=\"border: 6px none #dbdbdb; padding: 10px; margin-right: 80px; background-color: #e3e3e3; text-align: left;\"><strong>Beratungshilfe<\/strong><\/div>\n<p style=\"padding-left: 60px;\"><a title=\"Beratungshilfeantrag \" href=\"http:\/\/rechtsanwaeltin-jakob.de\/wp-content\/uploads\/2020\/02\/Antrag-auf-Beratungshilfe.pdf\" target=\"_blank\" rel=\"noopener noreferrer\">Beratungshilfeantrag inkl. Ausf\u00fcllhinweise<\/a><\/p>\n<div style=\"border: 6px none #dbdbdb; padding: 10px; margin-right: 80px; background-color: #e3e3e3; text-align: left;\"><strong>Prozesskostenhilfe<\/strong><\/div>\n<p style=\"padding-left: 60px;\"><a title=\"Prozesskostenhilfeantrag\" href=\"http:\/\/rechtsanwaeltin-jakob.de\/wp-content\/uploads\/2020\/02\/Prozesskostenhilfeantrag.pdf\" target=\"_blank\" rel=\"noopener noreferrer\">Prozesskostenhilfeantrag und Ausf\u00fcllhinweise<\/a><\/p>\n<p style=\"padding-left: 60px;\"><a href=\"http:\/\/rechtsanwaeltin-jakob.de\/wp-content\/uploads\/2020\/02\/Belehrung_PKH.pdf\">Belehrung zur Prozess- und Verfahrenskostenhilfe<\/a><\/p>\n<div style=\"border: 6px none #dbdbdb; padding: 10px; margin-right: 80px; background-color: #e3e3e3; text-align: left;\"><strong>Verfahrenskostenhilfe<\/strong><\/div>\n<p style=\"padding-left: 60px;\"><a title=\"Verfahrenskostenhilfeantrag \" href=\"http:\/\/rechtsanwaeltin-jakob.de\/wp-content\/uploads\/2020\/02\/Prozesskostenhilfeantrag.pdf\" target=\"_blank\" rel=\"noopener noreferrer\">Verfahrenskostenhilfeantrag und Ausf\u00fcllhinweise<\/a><\/p>\n","protected":false},"excerpt":{"rendered":"<p>Formulare Auf dieser Seite finden Sie Formulare und Antr\u00e4ge f\u00fcr die Beratungshilfe sowie f\u00fcr Prozesskosten- bzw. Verfahrenskostenhilfe. Zudem werden Ihnen zur Erleichterung Ausf\u00fcllhinweise zur Verf\u00fcgung gestellt. Scheidung Fragebogen Beratungshilfe Beratungshilfeantrag inkl. Ausf\u00fcllhinweise Prozesskostenhilfe Prozesskostenhilfeantrag und Ausf\u00fcllhinweise Belehrung zur Prozess- und Verfahrenskostenhilfe Verfahrenskostenhilfe Verfahrenskostenhilfeantrag und Ausf\u00fcllhinweise<\/p>\n","protected":false},"author":1,"featured_media":0,"parent":0,"menu_order":0,"comment_status":"open","ping_status":"open","template":"template-twocolumnsleft.php","meta":{"footnotes":""},"class_list":["post-27","page","type-page","status-publish","hentry","nodate","item-wrap"],"_links":{"self":[{"href":"http:\/\/rechtsanwaeltin-jakob.de\/index.php?rest_route=\/wp\/v2\/pages\/27","targetHints":{"allow":["GET"]}}],"collection":[{"href":"http:\/\/rechtsanwaeltin-jakob.de\/index.php?rest_route=\/wp\/v2\/pages"}],"about":[{"href":"http:\/\/rechtsanwaeltin-jakob.de\/index.php?rest_route=\/wp\/v2\/types\/page"}],"author":[{"embeddable":true,"href":"http:\/\/rechtsanwaeltin-jakob.de\/index.php?rest_route=\/wp\/v2\/users\/1"}],"replies":[{"embeddable":true,"href":"http:\/\/rechtsanwaeltin-jakob.de\/index.php?rest_route=%2Fwp%2Fv2%2Fcomments&post=27"}],"version-history":[{"count":2,"href":"http:\/\/rechtsanwaeltin-jakob.de\/index.php?rest_route=\/wp\/v2\/pages\/27\/revisions"}],"predecessor-version":[{"id":587,"href":"http:\/\/rechtsanwaeltin-jakob.de\/index.php?rest_route=\/wp\/v2\/pages\/27\/revisions\/587"}],"wp:attachment":[{"href":"http:\/\/rechtsanwaeltin-jakob.de\/index.php?rest_route=%2Fwp%2Fv2%2Fmedia&parent=27"}],"curies":[{"name":"wp","href":"https:\/\/api.w.org\/{rel}","templated":true}]}}