{"id":115,"date":"2013-09-11T21:49:39","date_gmt":"2013-09-11T19:49:39","guid":{"rendered":"http:\/\/web274.s08.speicheranbieter.de\/?page_id=115"},"modified":"2020-10-28T18:07:34","modified_gmt":"2020-10-28T18:07:34","slug":"agb-fuer-onlineberatung","status":"publish","type":"page","link":"http:\/\/rechtsanwaeltin-jakob.de\/?page_id=115","title":{"rendered":"AGB f\u00fcr Onlineberatung"},"content":{"rendered":"<p>AGB f\u00fcr Onlineberatung<\/p>\n<p>Diese Allgemeinen Gesch\u00e4ftsbedingungen (Stand 01.09.2013) gelten f\u00fcr alle Vertr\u00e4ge, die im Rahmen der Online-Rechtsberatung (durch E-Mail, Online- Formular, Fax, etc.) zu Stande kommen.<\/p>\n<h2>&nbsp;\u00a71 Abschluss des Vertrages<\/h2>\n<p>Mit Ihrer Anfrage fordert Sie Rechtsanw\u00e4ltin Monika Jakob zur Abgabe eines Angebotes mit Honorarvereinbarung auf. Sollte sich Ihre Anfrage nicht f\u00fcr eine Online-Beratung eignen, teilen wir Ihnen dies umgehend mit. Ihnen wird sodann ein neuer L\u00f6sungsvorschlag unterbreitet.<\/p>\n<p>Der eigentliche Beratungsvertrag kommt erst zu Stande, wenn Sie sich schriftlich (E-mail, Fax, Brief) mit dem Honorarvorschlag, den Ihnen Rechtsanw\u00e4ltin Monika Jakob zusendet, einverstanden erkl\u00e4ren. Erst damit entstehen Ihnen Kosten und Ihr Widerrufsrecht erlischt.<\/p>\n<p>Nach Absenden Ihrer unverbindlichen Anfrage erhalten Sie eine Best\u00e4tigungsnachricht via E-Mail. Ihre Anfrage wird in der Regel binnen 24 Stunden (Montag-Freitag) beantwortet. Die rechtliche Beratung erfolgt schriftlich durch E-Mail. Auf Ihren Wunsch hin erhalten Sie die Antwort auch postalisch.<\/p>\n<h2>\u00a72 Kosten der Onlineberatung<\/h2>\n<p>Das RVG (Rechtsanwaltsverg\u00fctungsgesetz) sieht f\u00fcr die Erstberatung ein Honorar von 190,00\u20ac zzgl. Mehrwertsteuer vor.Sollte Rechtsanw\u00e4ltin Monika Jakob nach einer Erstberatung weiter f\u00fcr Sie t\u00e4tig werden, dann wird sie gegebenenfalls einen anwalts\u00fcblichen Kostenvorschuss gem. \u00a7 9 RVG anfordern. Der Geb\u00fchrenanspruch entsteht bereits mit dem ersten T\u00e4tigwerden.<\/p>\n<p>Nach der Bearbeitung Ihres Falles, erhalten Sie gleichzeitig die Rechnung f\u00fcr die Leistung.<br \/>\nDie Geb\u00fchren sind mit Erhalt der Antwort f\u00e4llig und innerhalb von 14 Tagen zu begleichen.<\/p>\n<p>Es besteht die M\u00f6glichkeit, dass Ihre Rechtsschutzversicherung f\u00fcr die Kosten der Beratung aufkommt. Bitte erkundigen Sie sich im Vorfeld, ob eine solche Rechtsschutzversicherung besteht und ob diese die Kosten f\u00fcr die (Erst-)Beratung \u00fcbernimmt. Weitere Informationen zur \u00dcbernahme der Kosten durch eine bestehende Rechtsschutzversicherung erhalten Sie unter dem Men\u00fcpunkt <a title=\"Kosten und Geb\u00fchren\" href=\"http:\/\/web274.s08.speicheranbieter.de\/?page_id=29\">Kosten<\/a>. Nach R\u00fccksprache mit Rechtsanw\u00e4ltin Monika Jakob kann eine Kostendeckungsanfrage bei Ihrer Rechtsschutzversicherung auch durch die Rechtsanw\u00e4ltin vorgenommen werden.<\/p>\n<p>Weiterhin kann Ihnen gegebenenfalls Beratungshilfe gew\u00e4hrt werden. Informieren Sie sich bitte bei Ihrem zust\u00e4ndigen Amtsgericht, ob Sie die Voraussetzungen f\u00fcr die Gew\u00e4hrung der Beratungshilfe erf\u00fcllen. Sollte Ihnen Beratungshilfe gew\u00e4hrt werden, reichen Sie bitte den Beratungsschein mit Zustandekommen des Beratungsvertrages bei Rechtsanw\u00e4ltin Monika Jakob ein. Weitere Informationen bez\u00fcglich der Beratungshilfe erhalten Sie unter dem Men\u00fcpunkt <a title=\"Kosten und Geb\u00fchren\" href=\"http:\/\/jl-kanzlei.de\/?page_id=29\">Kosten<\/a><\/p>\n<h2>\u00a73 Widerrufsrecht<\/h2>\n<p>Sollten Sie Verbraucher sein und der Beratungsvertrag unter ausschlie\u00dflicher Verwendung von Fernkommunikationsmitteln zu Stande gekommen sein, so gilt das Folgende:<\/p>\n<p>Sie k\u00f6nnen Ihre Erkl\u00e4rung innerhalb von zwei Wochen nach dem hierdurch entstandenen Beratungsvertrag ohne Angabe von Gr\u00fcnden schriftlich (Brief, Fax, E-Mail) gegen\u00fcber Rechtsanw\u00e4ltin Monika Jakob widerrufen.<\/p>\n<p>Der Widerruf ist zu richten an die Rechtsanw\u00e4ltin Monika Jakob, Gerhart-Hauptmann-Str.6, 99096 Erfurt<br \/>\n0 36 1 \/ 43 05 63 85 , <a href=\"mailto:info@rechtsanwaeltin-jakob.de\">info@rechtsanwaeltin-jakob.de<\/a>.<\/p>\n<p>Zur Fristwahrung ist die rechtzeitige Absendung des Widerrufs ausreichend.<\/p>\n<p>Im Falle des Widerrufs sind die gegenseitig erbrachten Leistungen zur\u00fcck zu gew\u00e4hren.<\/p>\n<p>Das Widerrufsrecht erlischt vorzeitig, wenn mit Ihrer ausdr\u00fccklichen Zustimmung Beratungsleistungen vor Ablauf der Widerrufsfrist erbracht werden.<\/p>\n<h2>\u00a74 Haftung<\/h2>\n<p>Die Rechtsauskunft von Rechtsanw\u00e4ltin Monika Jakob basiert auf Ihrer Schilderung des Sachverhaltes. F\u00fcr Beratungsfehler, die auf ihrer fehlerhaften oder unvollst\u00e4ndigen Sachverhaltsdarstellung beruhen, ist die Rechtsanw\u00e4ltin nicht verantwortlich. Ausgeschlossen hiervon ist vors\u00e4tzliches oder grob fahrl\u00e4ssiges Handeln.<\/p>\n<h2>\u00a75 Angaben des Gegners<\/h2>\n<p>Sollten die Rechtsanw\u00e4ltin bereits Ihre gegnerische Partei anwaltlich vertreten, darf sie Sie nicht mehr beraten. Sie werden deshalb gebeten, bereits bei der unverbindlichen Anfrage den Gegner zu benennen.<\/p>\n<h2>\u00a76 Allgemeine Bestimmungen<\/h2>\n<p>\u00c4nderungen und Erg\u00e4nzungen dieser Bedingungen bed\u00fcrfen der Schriftform. Dies gilt auch f\u00fcr die Aufhebung des Schriftformerfordernisses.<\/p>\n<p>Sollten eine oder mehrere Bestimmungen dieses Vertrages ganz oder teilweise rechtsunwirksam sein, so wird dadurch die G\u00fcltigkeit der \u00fcbrigen Bestimmungen nicht ber\u00fchrt. An die Stelle der unwirksamen Bestimmungen tritt r\u00fcckwirkend eine inhaltlich m\u00f6glichst gleiche Regelung, die dem Zweck der gewollten Regelung am n\u00e4chsten kommt.<\/p>\n<p>Es gilt das Recht der Bundesrepublik Deutschland. Die f\u00fcr den Vertragsabschluss zur Verf\u00fcgung stehende Sprache ist Deutsch.<\/p>\n<p>[si-contact-form form=&#8217;1&#8242;]<\/p>\n","protected":false},"excerpt":{"rendered":"<p>AGB f\u00fcr Onlineberatung Diese Allgemeinen Gesch\u00e4ftsbedingungen (Stand 01.09.2013) gelten f\u00fcr alle Vertr\u00e4ge, die im Rahmen der Online-Rechtsberatung (durch E-Mail, Online- Formular, Fax, etc.) zu Stande kommen. &nbsp;\u00a71 Abschluss des Vertrages Mit Ihrer Anfrage fordert Sie Rechtsanw\u00e4ltin Monika Jakob zur Abgabe eines Angebotes mit Honorarvereinbarung auf. Sollte sich Ihre Anfrage nicht f\u00fcr eine Online-Beratung eignen, teilen &hellip; <\/p>\n<p><a class=\"more-link btn\" href=\"http:\/\/rechtsanwaeltin-jakob.de\/?page_id=115\">Weiterlesen<\/a><\/p>\n","protected":false},"author":1,"featured_media":0,"parent":0,"menu_order":0,"comment_status":"open","ping_status":"open","template":"","meta":{"footnotes":""},"class_list":["post-115","page","type-page","status-publish","hentry","nodate","item-wrap"],"_links":{"self":[{"href":"http:\/\/rechtsanwaeltin-jakob.de\/index.php?rest_route=\/wp\/v2\/pages\/115","targetHints":{"allow":["GET"]}}],"collection":[{"href":"http:\/\/rechtsanwaeltin-jakob.de\/index.php?rest_route=\/wp\/v2\/pages"}],"about":[{"href":"http:\/\/rechtsanwaeltin-jakob.de\/index.php?rest_route=\/wp\/v2\/types\/page"}],"author":[{"embeddable":true,"href":"http:\/\/rechtsanwaeltin-jakob.de\/index.php?rest_route=\/wp\/v2\/users\/1"}],"replies":[{"embeddable":true,"href":"http:\/\/rechtsanwaeltin-jakob.de\/index.php?rest_route=%2Fwp%2Fv2%2Fcomments&post=115"}],"version-history":[{"count":3,"href":"http:\/\/rechtsanwaeltin-jakob.de\/index.php?rest_route=\/wp\/v2\/pages\/115\/revisions"}],"predecessor-version":[{"id":496,"href":"http:\/\/rechtsanwaeltin-jakob.de\/index.php?rest_route=\/wp\/v2\/pages\/115\/revisions\/496"}],"wp:attachment":[{"href":"http:\/\/rechtsanwaeltin-jakob.de\/index.php?rest_route=%2Fwp%2Fv2%2Fmedia&parent=115"}],"curies":[{"name":"wp","href":"https:\/\/api.w.org\/{rel}","templated":true}]}}